{"id":8,"date":"2024-04-18T00:07:12","date_gmt":"2024-04-18T00:07:12","guid":{"rendered":"https:\/\/eletro.esds.edu.pt\/?page_id=8"},"modified":"2024-04-28T00:25:07","modified_gmt":"2024-04-28T00:25:07","slug":"clube-de-robotica","status":"publish","type":"page","link":"https:\/\/eletro.esds.edu.pt\/?page_id=8","title":{"rendered":"Clube de Rob\u00f3tica e Programa\u00e7\u00e3o"},"content":{"rendered":"\n\n\n<div class=\"wp-block-columns alignwide is-layout-flex wp-container-core-columns-is-layout-28f84493 wp-block-columns-is-layout-flex\">\n<div class=\"wp-block-column is-layout-flow wp-block-column-is-layout-flow\">\n<figure class=\"wp-block-image size-large is-resized\"><img loading=\"lazy\" decoding=\"async\" width=\"724\" height=\"1024\" src=\"https:\/\/eletro.esds.edu.pt\/wp-content\/uploads\/2024\/04\/Clube-de-RoboticaCartaz-724x1024.jpg\" alt=\"\" class=\"wp-image-391\" style=\"width:460px;height:auto\" srcset=\"https:\/\/eletro.esds.edu.pt\/wp-content\/uploads\/2024\/04\/Clube-de-RoboticaCartaz-724x1024.jpg 724w, https:\/\/eletro.esds.edu.pt\/wp-content\/uploads\/2024\/04\/Clube-de-RoboticaCartaz-212x300.jpg 212w, https:\/\/eletro.esds.edu.pt\/wp-content\/uploads\/2024\/04\/Clube-de-RoboticaCartaz-768x1086.jpg 768w, https:\/\/eletro.esds.edu.pt\/wp-content\/uploads\/2024\/04\/Clube-de-RoboticaCartaz-1086x1536.jpg 1086w, https:\/\/eletro.esds.edu.pt\/wp-content\/uploads\/2024\/04\/Clube-de-RoboticaCartaz-1448x2048.jpg 1448w, https:\/\/eletro.esds.edu.pt\/wp-content\/uploads\/2024\/04\/Clube-de-RoboticaCartaz.jpg 1587w\" sizes=\"auto, (max-width: 724px) 100vw, 724px\" \/><\/figure>\n<\/div>\n\n\n\n<div class=\"wp-block-column is-layout-flow wp-block-column-is-layout-flow\">\n<p>Vem aprender a trabalhar com circuitos eletr\u00f3nicos!<\/p>\n\n\n\n<p>Sabes aquele circuito el\u00e9trico que viste na Internet? Aquela montagem eletr\u00f3nica que encontraste e queres experimentar na vida real?<\/p>\n\n\n\n<p>Agora podes experimentar todos esses circuitos e robots com o apoio de um professor. Temos o material que precisas e podes montar os circuitos ao teu ritmo.<\/p>\n\n\n\n<p><strong>Vem experimentar!<\/strong><\/p>\n\n\n\n<hr class=\"wp-block-separator has-alpha-channel-opacity\"\/>\n\n\n\n<p><strong>Quartas-Feiras &#8211; 14:30h<\/strong><\/p>\n\n\n\n<p>Orientador: Prof Jo\u00e3o Paulo Marques (<a href=\"mailto:joao.marques@aeds.pt\">joao.marques@aeds.pt<\/a>)<\/p>\n\n\n\n<div class=\"wp-block-buttons is-content-justification-center is-layout-flex wp-container-core-buttons-is-layout-a89b3969 wp-block-buttons-is-layout-flex\">\n<div class=\"wp-block-button has-custom-width wp-block-button__width-50 is-style-fill\"><a class=\"wp-block-button__link has-base-2-color has-text-color has-background has-link-color wp-element-button\" href=\"https:\/\/forms.gle\/2uBFjCBDFGucxYZt9\" style=\"background-color:#74c248\" target=\"_blank\" rel=\"noreferrer noopener\">Quero inscrever-me!<\/a><\/div>\n<\/div>\n<\/div>\n<\/div>\n","protected":false},"excerpt":{"rendered":"<p>Vem aprender a trabalhar com circuitos eletr\u00f3nicos! Sabes aquele circuito el\u00e9trico que viste na Internet? Aquela montagem eletr\u00f3nica que encontraste e queres experimentar na vida real? Agora podes experimentar todos esses circuitos e robots com o apoio de um professor. Temos o material que precisas e podes montar os circuitos ao teu ritmo. Vem experimentar! [&hellip;]<\/p>\n","protected":false},"author":1,"featured_media":0,"parent":0,"menu_order":0,"comment_status":"closed","ping_status":"closed","template":"","meta":{"footnotes":""},"class_list":["post-8","page","type-page","status-publish","hentry"],"_links":{"self":[{"href":"https:\/\/eletro.esds.edu.pt\/index.php?rest_route=\/wp\/v2\/pages\/8","targetHints":{"allow":["GET"]}}],"collection":[{"href":"https:\/\/eletro.esds.edu.pt\/index.php?rest_route=\/wp\/v2\/pages"}],"about":[{"href":"https:\/\/eletro.esds.edu.pt\/index.php?rest_route=\/wp\/v2\/types\/page"}],"author":[{"embeddable":true,"href":"https:\/\/eletro.esds.edu.pt\/index.php?rest_route=\/wp\/v2\/users\/1"}],"replies":[{"embeddable":true,"href":"https:\/\/eletro.esds.edu.pt\/index.php?rest_route=%2Fwp%2Fv2%2Fcomments&post=8"}],"version-history":[{"count":14,"href":"https:\/\/eletro.esds.edu.pt\/index.php?rest_route=\/wp\/v2\/pages\/8\/revisions"}],"predecessor-version":[{"id":467,"href":"https:\/\/eletro.esds.edu.pt\/index.php?rest_route=\/wp\/v2\/pages\/8\/revisions\/467"}],"wp:attachment":[{"href":"https:\/\/eletro.esds.edu.pt\/index.php?rest_route=%2Fwp%2Fv2%2Fmedia&parent=8"}],"curies":[{"name":"wp","href":"https:\/\/api.w.org\/{rel}","templated":true}]}}