{"id":547,"date":"2024-04-30T08:43:43","date_gmt":"2024-04-30T08:43:43","guid":{"rendered":"https:\/\/eletro.esds.edu.pt\/?page_id=547"},"modified":"2026-01-21T09:00:31","modified_gmt":"2026-01-21T09:00:31","slug":"bolsa-de-emprego","status":"publish","type":"page","link":"https:\/\/eletro.esds.edu.pt\/?page_id=547","title":{"rendered":"Bolsa de Emprego"},"content":{"rendered":"\n<hr class=\"wp-block-separator has-alpha-channel-opacity\"\/>\n\n\n\n<div class=\"wp-block-media-text alignwide is-stacked-on-mobile is-vertically-aligned-top\" style=\"grid-template-columns:18% auto\"><figure class=\"wp-block-media-text__media\"><a href=\"https:\/\/www.psaplast.com\/\" target=\"_blank\" rel=\"noreferrer noopener\"><img loading=\"lazy\" decoding=\"async\" width=\"283\" height=\"424\" src=\"https:\/\/eletro.esds.edu.pt\/wp-content\/uploads\/2026\/01\/media-3501730263.jpg\" alt=\"\" class=\"wp-image-773 size-full\" srcset=\"https:\/\/eletro.esds.edu.pt\/wp-content\/uploads\/2026\/01\/media-3501730263.jpg 283w, https:\/\/eletro.esds.edu.pt\/wp-content\/uploads\/2026\/01\/media-3501730263-200x300.jpg 200w\" sizes=\"auto, (max-width: 283px) 100vw, 283px\" \/><\/a><\/figure><div class=\"wp-block-media-text__content\">\n<details class=\"wp-block-details is-layout-flow wp-block-details-is-layout-flow\"><summary>A Abelectrik, Lda. est\u00e1 a recrutar: T\u00e9cnico de Eletricidade (m\/f)<br><br>Somos uma empresa em crescimento na \u00e1rea das instala\u00e7\u00f5es el\u00e9tricas e estamos<br>a refor\u00e7ar a nossa equipa. Procuramos um profissional motivado, din\u00e2mico e<br>com vontade de evoluir connosco!<br><br><br>&nbsp;Fun\u00e7\u00f5es principais:<br>*Instala\u00e7\u00f5es el\u00e9tricas em baixa tens\u00e3o nas diversas \u00e1reas residenciais e<br>industriais;<br>*Eletrifica\u00e7\u00e3o de quadros el\u00e9tricos;<br>*Instala\u00e7\u00e3o de pain\u00e9is solares;<br>*Passagem de cabos el\u00e9tricos, de rede e de inc\u00eandio;<br>*Conectoriza\u00e7\u00e3o de bastidores e cabos de rede Cat6 e Cat7.<br><br>&nbsp;Os nossos projetos atuais:<br>*Instala\u00e7\u00f5es el\u00e9tricas em pavilh\u00f5es e escrit\u00f3rios, tanto em projetos de<br>remodela\u00e7\u00e3o como em novas constru\u00e7\u00f5es;<br>*Instala\u00e7\u00f5es industriais.<br><br>Requisitos obrigat\u00f3rios:<br>*Carta de condu\u00e7\u00e3o;<br>*Escolaridade:&nbsp; Curso Profissional (N\u00edvel 4) na \u00e1rea de eletricidade;<br>*Eleg\u00edvel para medida Est\u00e1gio INICIAR (preferencial).<br><br>&nbsp; Oferecemos:<br>*Contrato de Est\u00e1gio full-time com possibilidade de integra\u00e7\u00e3o;<br>*Hor\u00e1rio com alguma flexibilidade;<br>*Integra\u00e7\u00e3o numa equipa jovem e din\u00e2mica;<br>*Local de trabalho: Leiria e arredores.<br><br>Candidaturas: Envia o teu CV e documentos relevantes para&nbsp;<a href=\"mailto:abelectrik@sapo.pt\">abelectrik@sapo.pt<\/a><br>ou contacta-nos por telefone: 962749460.<\/summary>\n<ul class=\"wp-block-list\">\n<li><strong>Est\u00e1gio IEFP N\u00edvel 4 &#8211; \u00e1rea Eletricidade<\/strong><\/li>\n\n\n\n<li><\/li>\n\n\n\n<li>A Abelectrik, Lda. est\u00e1 a recrutar: T\u00e9cnico de Eletricidade (m\/f)<\/li>\n\n\n\n<li>Somos uma empresa em crescimento na \u00e1rea das instala\u00e7\u00f5es el\u00e9tricas e estamos<\/li>\n\n\n\n<li>a refor\u00e7ar a nossa equipa. Procuramos um profissional motivado, din\u00e2mico e<\/li>\n\n\n\n<li>com vontade de evoluir connosco!<\/li>\n\n\n\n<li>&nbsp;Fun\u00e7\u00f5es principais:<\/li>\n\n\n\n<li>*Instala\u00e7\u00f5es el\u00e9tricas em baixa tens\u00e3o nas diversas \u00e1reas residenciais e<\/li>\n\n\n\n<li>industriais;<\/li>\n\n\n\n<li>*Eletrifica\u00e7\u00e3o de quadros el\u00e9tricos;<\/li>\n\n\n\n<li>*Instala\u00e7\u00e3o de pain\u00e9is solares;<\/li>\n\n\n\n<li>*Passagem de cabos el\u00e9tricos, de rede e de inc\u00eandio;<\/li>\n\n\n\n<li>*Conectoriza\u00e7\u00e3o de bastidores e cabos de rede Cat6 e Cat7.<\/li>\n\n\n\n<li>&nbsp;Os nossos projetos atuais:<\/li>\n\n\n\n<li>*Instala\u00e7\u00f5es el\u00e9tricas em pavilh\u00f5es e escrit\u00f3rios, tanto em projetos de<\/li>\n\n\n\n<li>remodela\u00e7\u00e3o como em novas constru\u00e7\u00f5es;<\/li>\n\n\n\n<li>*Instala\u00e7\u00f5es industriais.<\/li>\n\n\n\n<li>Requisitos obrigat\u00f3rios:<\/li>\n\n\n\n<li>*Carta de condu\u00e7\u00e3o;<\/li>\n\n\n\n<li>*Escolaridade:&nbsp; Curso Profissional (N\u00edvel 4) na \u00e1rea de eletricidade;<\/li>\n\n\n\n<li>*Eleg\u00edvel para medida Est\u00e1gio INICIAR (preferencial).<\/li>\n\n\n\n<li>&nbsp; Oferecemos:<\/li>\n\n\n\n<li>*Contrato de Est\u00e1gio full-time com possibilidade de integra\u00e7\u00e3o;<\/li>\n\n\n\n<li>*Hor\u00e1rio com alguma flexibilidade;<\/li>\n\n\n\n<li>*Integra\u00e7\u00e3o numa equipa jovem e din\u00e2mica;<\/li>\n\n\n\n<li>*Local de trabalho: Leiria e arredores.<\/li>\n\n\n\n<li>Candidaturas: Envia o teu CV e documentos relevantes para&nbsp;<a href=\"mailto:abelectrik@sapo.pt\">abelectrik@sapo.pt<\/a><\/li>\n\n\n\n<li>ou contacta-nos por telefone: 962749460.<\/li>\n<\/ul>\n<\/details>\n<\/div><\/div>\n","protected":false},"excerpt":{"rendered":"","protected":false},"author":2,"featured_media":0,"parent":0,"menu_order":0,"comment_status":"closed","ping_status":"closed","template":"","meta":{"footnotes":""},"class_list":["post-547","page","type-page","status-publish","hentry"],"_links":{"self":[{"href":"https:\/\/eletro.esds.edu.pt\/index.php?rest_route=\/wp\/v2\/pages\/547","targetHints":{"allow":["GET"]}}],"collection":[{"href":"https:\/\/eletro.esds.edu.pt\/index.php?rest_route=\/wp\/v2\/pages"}],"about":[{"href":"https:\/\/eletro.esds.edu.pt\/index.php?rest_route=\/wp\/v2\/types\/page"}],"author":[{"embeddable":true,"href":"https:\/\/eletro.esds.edu.pt\/index.php?rest_route=\/wp\/v2\/users\/2"}],"replies":[{"embeddable":true,"href":"https:\/\/eletro.esds.edu.pt\/index.php?rest_route=%2Fwp%2Fv2%2Fcomments&post=547"}],"version-history":[{"count":18,"href":"https:\/\/eletro.esds.edu.pt\/index.php?rest_route=\/wp\/v2\/pages\/547\/revisions"}],"predecessor-version":[{"id":774,"href":"https:\/\/eletro.esds.edu.pt\/index.php?rest_route=\/wp\/v2\/pages\/547\/revisions\/774"}],"wp:attachment":[{"href":"https:\/\/eletro.esds.edu.pt\/index.php?rest_route=%2Fwp%2Fv2%2Fmedia&parent=547"}],"curies":[{"name":"wp","href":"https:\/\/api.w.org\/{rel}","templated":true}]}}