{"id":32,"date":"2024-04-18T01:35:37","date_gmt":"2024-04-18T01:35:37","guid":{"rendered":"https:\/\/eletro.esds.edu.pt\/?page_id=32"},"modified":"2024-05-04T16:50:23","modified_gmt":"2024-05-04T16:50:23","slug":"ufcds-unidades-de-formacao-de-curta-duracao","status":"publish","type":"page","link":"https:\/\/eletro.esds.edu.pt\/?page_id=32","title":{"rendered":"UFCDs &#8211; Unidades de Forma\u00e7\u00e3o de Curta Dura\u00e7\u00e3o"},"content":{"rendered":"\n<h2 class=\"wp-block-heading alignfull has-text-align-center\"><mark style=\"background-color:#1175d1\" class=\"has-inline-color has-base-2-color\">Curso Profissional T\u00e9cnico de Eletr\u00f3nica, Automa\u00e7\u00e3o e Computadores<\/mark><\/h2>\n\n\n\n<div class=\"wp-block-columns alignwide is-layout-flex wp-container-core-columns-is-layout-d2da2050 wp-block-columns-is-layout-flex\" style=\"margin-bottom:0\">\n<div class=\"wp-block-column has-text-color has-background has-link-color wp-elements-c34f807073186bd526e63fc922963eb0 is-layout-flow wp-block-column-is-layout-flow\" style=\"color:#000000;background-color:#ffe97d;padding-top:2em;padding-right:2em;padding-bottom:2em;padding-left:2em\">\n<h2 class=\"wp-block-heading\" id=\"single\" style=\"font-size:clamp(24.034px, 1.502rem + ((1vw - 3.2px) * 1.663), 40px);\"><strong>Eletricidade e Eletr\u00f3nica<\/strong><\/h2>\n\n\n\n<p class=\"has-normal-font-size\" style=\"line-height:1.5\"><\/p>\n\n\n\n<hr class=\"wp-block-separator has-text-color has-css-opacity has-background is-style-wide\" style=\"background-color:#000000;color:#000000\"\/>\n\n\n\n<ul class=\"is-style-default wp-block-list\">\n<li><a href=\"https:\/\/classroom.google.com\/u\/1\/w\/NTg5ODIzNzk5Mjg1\/tc\/NTg5ODIzNzk5MzAx\" data-type=\"link\" data-id=\"https:\/\/classroom.google.com\/u\/1\/w\/NTg5ODIzNzk5Mjg1\/tc\/NTg5ODIzNzk5MzAx\" target=\"_blank\" rel=\"noreferrer noopener\">6007 Corrente cont\u00ednua<\/a><\/li>\n\n\n\n<li>6008 An\u00e1lise de circuitos em corrente cont\u00ednua<\/li>\n\n\n\n<li>6009 Magnetismo e eletromagnetismo<\/li>\n\n\n\n<li>6010 Corrente alternada<\/li>\n\n\n\n<li><a href=\"https:\/\/drive.google.com\/file\/d\/1qh4BHEWjHwUFLUdT5DJICsrLSDxRpMbk\/view?usp=classroom_web&amp;authuser=0\">6011 Semicondutores<\/a><\/li>\n\n\n\n<li>6012 Trans\u00edstor bipolar<\/li>\n\n\n\n<li>6013 Amplificadores com trans\u00edstores<\/li>\n\n\n\n<li>6015 Trans\u00edstor de efeito de campo<\/li>\n\n\n\n<li>6016 Amplificadores operacionais<\/li>\n\n\n\n<li>6017 Amplificadores operacionais &#8211; aplica\u00e7\u00f5es<\/li>\n\n\n\n<li>6018 Osciladores<\/li>\n\n\n\n<li>6021 Fontes de alimenta\u00e7\u00e3o<\/li>\n<\/ul>\n\n\n\n<p><br><\/p>\n<\/div>\n\n\n\n<div class=\"wp-block-column has-text-color has-background has-link-color wp-elements-526e9c5e58bba60cad9a37ad86b91256 is-layout-flow wp-block-column-is-layout-flow\" style=\"color:#000000;background-color:#c0ebf1;padding-top:2em;padding-right:2em;padding-bottom:2em;padding-left:2em\">\n<h2 class=\"wp-block-heading\" id=\"patron\" style=\"font-size:clamp(24.034px, 1.502rem + ((1vw - 3.2px) * 1.663), 40px);\"><strong>Automa\u00e7\u00e3o e Computadores<\/strong><\/h2>\n\n\n\n<p class=\"has-normal-font-size\"><\/p>\n\n\n\n<hr class=\"wp-block-separator has-css-opacity is-style-wide\"\/>\n\n\n\n<ul class=\"has-normal-font-size wp-block-list\">\n<li>6054 Programa\u00e7\u00e3o de alto n\u00edvel &#8211; inicia\u00e7\u00e3o<\/li>\n\n\n\n<li>6059 Aut\u00f3matos program\u00e1veis<\/li>\n\n\n\n<li>6061 Aut\u00f3matos program\u00e1veis &#8211; aplica\u00e7\u00f5es industriais<\/li>\n\n\n\n<li>6063 Aut\u00f3matos program\u00e1veis &#8211; aquisi\u00e7\u00e3o e tratamento de dados<\/li>\n\n\n\n<li>6064 Aut\u00f3matos program\u00e1veis &#8211; redes<\/li>\n\n\n\n<li>6071 Sensores e transdutores &#8211; N3<\/li>\n\n\n\n<li>6099 Leitura e interpreta\u00e7\u00e3o de esquemas<\/li>\n\n\n\n<li>6102 Desenho Assistido por Computador &#8211; conceitos gerais (CAD)<\/li>\n\n\n\n<li>6127 Redes &#8211; comunica\u00e7\u00e3o de dados<\/li>\n\n\n\n<li>6129 Redes de computadores &#8211; instala\u00e7\u00e3o<\/li>\n\n\n\n<li>6181 Controlo e regula\u00e7\u00e3o de processos<\/li>\n\n\n\n<li>6182 Introdu\u00e7\u00e3o ao Hardware<\/li>\n\n\n\n<li>6183 Sistemas operativos &#8211; N3<\/li>\n\n\n\n<li>6184 Microcomputadores &#8211; introdu\u00e7\u00e3o<\/li>\n\n\n\n<li>6186 Montagem de PC<\/li>\n\n\n\n<li>6187 Perif\u00e9ricos de PC<\/li>\n\n\n\n<li>6071 Sensores e transdutores<\/li>\n<\/ul>\n<\/div>\n<\/div>\n\n\n\n<div class=\"wp-block-columns alignwide is-layout-flex wp-container-core-columns-is-layout-d2da2050 wp-block-columns-is-layout-flex\" style=\"margin-bottom:0\">\n<div class=\"wp-block-column has-text-color has-background has-link-color wp-elements-81beb424817d926796249477067daa83 is-layout-flow wp-block-column-is-layout-flow\" style=\"color:#000000;background-color:#fbe9fb;padding-top:2em;padding-right:2em;padding-bottom:2em;padding-left:2em\">\n<h2 class=\"wp-block-heading\" id=\"single\" style=\"font-size:clamp(24.034px, 1.502rem + ((1vw - 3.2px) * 1.663), 40px);\"><strong>Tecnologias Aplicadas<\/strong><\/h2>\n\n\n\n<p class=\"has-normal-font-size\" style=\"line-height:1.5\"><\/p>\n\n\n\n<hr class=\"wp-block-separator has-text-color has-css-opacity has-background is-style-wide\" style=\"background-color:#000000;color:#000000\"\/>\n\n\n\n<ul class=\"is-style-default wp-block-list\">\n<li>4564 Gest\u00e3o da manuten\u00e7\u00e3o &#8211; introdu\u00e7\u00e3o<\/li>\n\n\n\n<li>6019 Eletr\u00f3nica de pot\u00eancia &#8211; dispositivos<\/li>\n\n\n\n<li>6028 Tecnologia dos componentes eletr\u00f3nicos<\/li>\n\n\n\n<li>6029 Tecnologia e montagem de circuitos eletr\u00f3nicos<\/li>\n\n\n\n<li>6030 Projeto e montagem de um equipamento eletr\u00f3nico<\/li>\n\n\n\n<li>6031 Sistemas trif\u00e1sicos<\/li>\n\n\n\n<li>6034 M\u00e1quinas el\u00e9tricas de corrente alternada<\/li>\n\n\n\n<li>6040 No\u00e7\u00f5es de higiene e seguran\u00e7a no trabalho &#8211; eletricidade e eletr\u00f3nica<\/li>\n\n\n\n<li>6075 Instala\u00e7\u00f5es el\u00e9tricas &#8211; generalidades<\/li>\n\n\n\n<li>10527 Instala\u00e7\u00f5es ITED &#8211; introdu\u00e7\u00e3o<\/li>\n\n\n\n<li>10528 Instala\u00e7\u00f5es ITED &#8211; execu\u00e7\u00e3o em moradia unifamiliar<\/li>\n<\/ul>\n\n\n\n<p><br><\/p>\n<\/div>\n\n\n\n<div class=\"wp-block-column has-text-color has-background has-link-color wp-elements-2224a508d37e1bb10f052192c9ef1c78 is-layout-flow wp-block-column-is-layout-flow\" style=\"color:#000000;background-color:#faf3be;padding-top:2em;padding-right:2em;padding-bottom:2em;padding-left:2em\">\n<h2 class=\"wp-block-heading\" id=\"patron\" style=\"font-size:clamp(24.034px, 1.502rem + ((1vw - 3.2px) * 1.663), 40px);\"><strong><strong>Sistemas Digitais<\/strong><\/strong><\/h2>\n\n\n\n<p class=\"has-normal-font-size\"><\/p>\n\n\n\n<hr class=\"wp-block-separator has-css-opacity is-style-wide\"\/>\n\n\n\n<ul class=\"has-normal-font-size wp-block-list\">\n<li>6024 Circuitos l\u00f3gicos<\/li>\n\n\n\n<li>6025 Circuitos combinat\u00f3rios<\/li>\n\n\n\n<li>6026 Circuitos sequenciais &#8211; ass\u00edncronos<\/li>\n\n\n\n<li>6051 Programa\u00e7\u00e3o &#8211; algoritmia<\/li>\n\n\n\n<li>6052 Programa\u00e7\u00e3o &#8211; inicia\u00e7\u00e3o<\/li>\n\n\n\n<li>6072 Microcontroladores &#8211; N3<\/li>\n\n\n\n<li>6073 Microcontroladores &#8211; aplica\u00e7\u00f5es<\/li>\n\n\n\n<li>6074 Dispositivos program\u00e1veis &#8211; mem\u00f3rias<\/li>\n<\/ul>\n<\/div>\n<\/div>\n\n\n\n<hr class=\"wp-block-separator has-alpha-channel-opacity\"\/>\n\n\n\n<div style=\"height:100px\" aria-hidden=\"true\" class=\"wp-block-spacer\"><\/div>\n\n\n\n<h2 class=\"wp-block-heading alignfull has-text-align-center\"><mark style=\"background-color:#3e0fff\" class=\"has-inline-color has-base-2-color\">Curso Profissional T\u00e9cnico de Eletrotecnia<\/mark><\/h2>\n\n\n\n<div class=\"wp-block-columns alignwide is-layout-flex wp-container-core-columns-is-layout-d2da2050 wp-block-columns-is-layout-flex\" style=\"margin-bottom:0\">\n<div class=\"wp-block-column has-text-color has-background has-link-color wp-elements-3bc30ab3b259de5f5e93bb79e78c4d60 is-layout-flow wp-block-column-is-layout-flow\" style=\"color:#000000;background-color:#ffe97d;padding-top:2em;padding-right:2em;padding-bottom:2em;padding-left:2em\">\n<h2 class=\"wp-block-heading\" id=\"single\" style=\"font-size:clamp(24.034px, 1.502rem + ((1vw - 3.2px) * 1.663), 40px);\"><strong>Eletricidade e Eletr\u00f3nica<\/strong><\/h2>\n\n\n\n<p class=\"has-normal-font-size\" style=\"line-height:1.5\"><\/p>\n\n\n\n<hr class=\"wp-block-separator has-text-color has-css-opacity has-background is-style-wide\" style=\"background-color:#000000;color:#000000\"\/>\n\n\n\n<ul class=\"is-style-default wp-block-list\">\n<li>6007 Corrente cont\u00ednua<\/li>\n\n\n\n<li>6008 An\u00e1lise de circuitos em corrente cont\u00ednua<\/li>\n\n\n\n<li>6009 Magnetismo e eletromagnetismo<\/li>\n\n\n\n<li>6010 Corrente alternada<\/li>\n\n\n\n<li>6011 Semicondutores<\/li>\n\n\n\n<li>6012 Trans\u00edstor bipolar<\/li>\n\n\n\n<li>6013 Amplificadores com trans\u00edstores<\/li>\n\n\n\n<li>6019 Eletr\u00f3nica de pot\u00eancia &#8211; dispositivos<\/li>\n\n\n\n<li>6031 Sistemas trif\u00e1sicos<\/li>\n\n\n\n<li>6032 Energia reativa<\/li>\n\n\n\n<li>6033 Transformadores<\/li>\n\n\n\n<li>6034 M\u00e1quinas el\u00e9tricas de corrente alternada<\/li>\n\n\n\n<li>6035 M\u00e1quinas el\u00e9tricas de corrente cont\u00ednua<\/li>\n\n\n\n<li>6051 Programa\u00e7\u00e3o &#8211; algoritmia<\/li>\n<\/ul>\n\n\n\n<p><br><\/p>\n<\/div>\n\n\n\n<div class=\"wp-block-column has-text-color has-background has-link-color wp-elements-9a3dbe7b76a71f00f39b581cdcd7a5c2 is-layout-flow wp-block-column-is-layout-flow\" style=\"color:#000000;background-color:#c0ebf1;padding-top:2em;padding-right:2em;padding-bottom:2em;padding-left:2em\">\n<h2 class=\"wp-block-heading\" id=\"patron\" style=\"font-size:clamp(24.034px, 1.502rem + ((1vw - 3.2px) * 1.663), 40px);\"><strong><strong>Pr\u00e1ticas Oficinais<\/strong><\/strong><\/h2>\n\n\n\n<p class=\"has-normal-font-size\"><\/p>\n\n\n\n<hr class=\"wp-block-separator has-css-opacity is-style-wide\"\/>\n\n\n\n<ul class=\"has-normal-font-size wp-block-list\">\n<li>4564 Gest\u00e3o da manuten\u00e7\u00e3o &#8211; introdu\u00e7\u00e3o<\/li>\n\n\n\n<li>6029 Tecnologia e montagem de circuitos eletr\u00f3nicos<\/li>\n\n\n\n<li>6040 No\u00e7\u00f5es de higiene e seguran\u00e7a no trabalho &#8211; eletricidade e eletr\u00f3nica<\/li>\n\n\n\n<li>6050 Sistemas de refrigera\u00e7\u00e3o e aquecimento<\/li>\n\n\n\n<li>6056 Automatismos eletromec\u00e2nicos &#8211; contactores<\/li>\n\n\n\n<li>6057 Automatismos eletromec\u00e2nicos &#8211; contactores- aplica\u00e7\u00f5es<\/li>\n\n\n\n<li>6059 Aut\u00f3matos program\u00e1veis<\/li>\n\n\n\n<li>6067 Aut\u00f3matos program\u00e1veis &#8211; aplica\u00e7\u00f5es \u00e0 eletrotecnia<\/li>\n\n\n\n<li>6075 Instala\u00e7\u00f5es el\u00e9tricas &#8211; generalidades<\/li>\n\n\n\n<li>6076 Instala\u00e7\u00f5es el\u00e9tricas residenciais individuais &#8211; projeto<\/li>\n\n\n\n<li>6077 Instala\u00e7\u00f5es el\u00e9tricas residenciais individuais &#8211; implementa\u00e7\u00e3o de um projeto a cabo<\/li>\n\n\n\n<li>6080 Instala\u00e7\u00f5es el\u00e9tricas coletivas e recebendo p\u00fablico &#8211; implementa\u00e7\u00e3o de um projeto<\/li>\n\n\n\n<li>6091 Dom\u00f3tica &#8211; generalidades<\/li>\n\n\n\n<li>7538 Manuten\u00e7\u00e3o industrial<\/li>\n\n\n\n<li>10527 Instala\u00e7\u00f5es ITED &#8211; introdu\u00e7\u00e3o<\/li>\n\n\n\n<li>10528 Instala\u00e7\u00f5es ITED &#8211; execu\u00e7\u00e3o em moradia unifamiliar<\/li>\n\n\n\n<li>10529 Instala\u00e7\u00f5es ITED &#8211; fibras \u00f3ticas<\/li>\n<\/ul>\n<\/div>\n<\/div>\n\n\n\n<div class=\"wp-block-columns alignwide is-layout-flex wp-container-core-columns-is-layout-d2da2050 wp-block-columns-is-layout-flex\" style=\"margin-bottom:0\">\n<div class=\"wp-block-column has-text-color has-background has-link-color wp-elements-e69c27c84d01e2b4cba00dfb777881f9 is-layout-flow wp-block-column-is-layout-flow\" style=\"color:#000000;background-color:#fbe9fb;padding-top:2em;padding-right:2em;padding-bottom:2em;padding-left:2em\">\n<h2 class=\"wp-block-heading\" id=\"single\" style=\"font-size:clamp(24.034px, 1.502rem + ((1vw - 3.2px) * 1.663), 40px);\"><strong>Tecnologias Aplicadas<\/strong><\/h2>\n\n\n\n<p class=\"has-normal-font-size\" style=\"line-height:1.5\"><\/p>\n\n\n\n<hr class=\"wp-block-separator has-text-color has-css-opacity has-background is-style-wide\" style=\"background-color:#000000;color:#000000\"\/>\n\n\n\n<ul class=\"is-style-default wp-block-list\">\n<li>6036 Sistemas e t\u00e9cnicas de medida<\/li>\n\n\n\n<li>6041 Produ\u00e7\u00e3o transporte e distribui\u00e7\u00e3o de energia el\u00e9trica<\/li>\n\n\n\n<li>6043 Circuitos de prote\u00e7\u00e3o<\/li>\n\n\n\n<li>6044 Seguran\u00e7a el\u00e9trica<\/li>\n\n\n\n<li>6046 Tecnologia dos materiais el\u00e9tricos<\/li>\n\n\n\n<li>6047 Tecnologia dos materiais el\u00e9tricos industriais<\/li>\n\n\n\n<li>6071 Sensores e transdutores<\/li>\n\n\n\n<li>6079 Instala\u00e7\u00f5es el\u00e9tricas coletivas e recebendo p\u00fablico &#8211; projeto<\/li>\n\n\n\n<li>6098 Desenho esquem\u00e1tico de circuitos el\u00e9tricos<\/li>\n\n\n\n<li>6102 Desenho Assistido por Computador &#8211; conceitos gerais (CAD)<\/li>\n\n\n\n<li>6104 Desenho assistido por Computador &#8211; aplica\u00e7\u00f5es 2D<\/li>\n\n\n\n<li>10530 Instala\u00e7\u00f5es ITED \u2013 execu\u00e7\u00e3o de projetos de comunica\u00e7\u00f5es<\/li>\n<\/ul>\n\n\n\n<p><br><\/p>\n<\/div>\n\n\n\n<div class=\"wp-block-column has-text-color has-background has-link-color wp-elements-5492bb5ebd6535433349aea043329ce2 is-layout-flow wp-block-column-is-layout-flow\" style=\"color:#000000;background-color:#faf3be;padding-top:2em;padding-right:2em;padding-bottom:2em;padding-left:2em\">\n<h2 class=\"wp-block-heading\" id=\"patron\" style=\"font-size:clamp(24.034px, 1.502rem + ((1vw - 3.2px) * 1.663), 40px);\"><strong><strong>Sistemas Digitais<\/strong><\/strong><\/h2>\n\n\n\n<p class=\"has-normal-font-size\"><\/p>\n\n\n\n<hr class=\"wp-block-separator has-css-opacity is-style-wide\"\/>\n\n\n\n<ul class=\"has-normal-font-size wp-block-list\">\n<li>6024 Circuitos l\u00f3gicos<\/li>\n\n\n\n<li>6025 Circuitos combinat\u00f3rios<\/li>\n\n\n\n<li>6026 Circuitos sequenciais &#8211; ass\u00edncronos<\/li>\n\n\n\n<li>6052 Programa\u00e7\u00e3o &#8211; inicia\u00e7\u00e3o<\/li>\n<\/ul>\n<\/div>\n<\/div>\n","protected":false},"excerpt":{"rendered":"<p>Curso Profissional T\u00e9cnico de Eletr\u00f3nica, Automa\u00e7\u00e3o e Computadores Eletricidade e Eletr\u00f3nica Automa\u00e7\u00e3o e Computadores Tecnologias Aplicadas Sistemas Digitais Curso Profissional T\u00e9cnico de Eletrotecnia Eletricidade e Eletr\u00f3nica Pr\u00e1ticas Oficinais Tecnologias Aplicadas Sistemas Digitais<\/p>\n","protected":false},"author":1,"featured_media":0,"parent":0,"menu_order":0,"comment_status":"closed","ping_status":"closed","template":"","meta":{"footnotes":""},"class_list":["post-32","page","type-page","status-publish","hentry"],"_links":{"self":[{"href":"https:\/\/eletro.esds.edu.pt\/index.php?rest_route=\/wp\/v2\/pages\/32","targetHints":{"allow":["GET"]}}],"collection":[{"href":"https:\/\/eletro.esds.edu.pt\/index.php?rest_route=\/wp\/v2\/pages"}],"about":[{"href":"https:\/\/eletro.esds.edu.pt\/index.php?rest_route=\/wp\/v2\/types\/page"}],"author":[{"embeddable":true,"href":"https:\/\/eletro.esds.edu.pt\/index.php?rest_route=\/wp\/v2\/users\/1"}],"replies":[{"embeddable":true,"href":"https:\/\/eletro.esds.edu.pt\/index.php?rest_route=%2Fwp%2Fv2%2Fcomments&post=32"}],"version-history":[{"count":32,"href":"https:\/\/eletro.esds.edu.pt\/index.php?rest_route=\/wp\/v2\/pages\/32\/revisions"}],"predecessor-version":[{"id":729,"href":"https:\/\/eletro.esds.edu.pt\/index.php?rest_route=\/wp\/v2\/pages\/32\/revisions\/729"}],"wp:attachment":[{"href":"https:\/\/eletro.esds.edu.pt\/index.php?rest_route=%2Fwp%2Fv2%2Fmedia&parent=32"}],"curies":[{"name":"wp","href":"https:\/\/api.w.org\/{rel}","templated":true}]}}