{"id":27,"date":"2024-04-18T01:28:26","date_gmt":"2024-04-18T01:28:26","guid":{"rendered":"https:\/\/eletro.esds.edu.pt\/?page_id=27"},"modified":"2024-05-22T15:36:16","modified_gmt":"2024-05-22T15:36:16","slug":"cursos","status":"publish","type":"page","link":"https:\/\/eletro.esds.edu.pt\/?page_id=27","title":{"rendered":"Cursos Profissionais"},"content":{"rendered":"\n<div class=\"wp-block-cover alignwide is-light\" style=\"min-height:502px;aspect-ratio:unset;\"><span aria-hidden=\"true\" class=\"wp-block-cover__background has-background-dim-30 has-background-dim\" style=\"background-color:#9fa19f\"><\/span><img loading=\"lazy\" decoding=\"async\" width=\"2560\" height=\"1704\" class=\"wp-block-cover__image-background wp-image-39\" alt=\"\" src=\"https:\/\/eletro.esds.edu.pt\/wp-content\/uploads\/2024\/04\/cables-close-up-computer-257736-scaled-1.webp\" data-object-fit=\"cover\" srcset=\"https:\/\/eletro.esds.edu.pt\/wp-content\/uploads\/2024\/04\/cables-close-up-computer-257736-scaled-1.webp 2560w, https:\/\/eletro.esds.edu.pt\/wp-content\/uploads\/2024\/04\/cables-close-up-computer-257736-scaled-1-300x200.webp 300w, https:\/\/eletro.esds.edu.pt\/wp-content\/uploads\/2024\/04\/cables-close-up-computer-257736-scaled-1-1024x682.webp 1024w, https:\/\/eletro.esds.edu.pt\/wp-content\/uploads\/2024\/04\/cables-close-up-computer-257736-scaled-1-768x511.webp 768w, https:\/\/eletro.esds.edu.pt\/wp-content\/uploads\/2024\/04\/cables-close-up-computer-257736-scaled-1-1536x1022.webp 1536w, https:\/\/eletro.esds.edu.pt\/wp-content\/uploads\/2024\/04\/cables-close-up-computer-257736-scaled-1-2048x1363.webp 2048w\" sizes=\"auto, (max-width: 2560px) 100vw, 2560px\" \/><div class=\"wp-block-cover__inner-container has-global-padding is-layout-constrained wp-block-cover-is-layout-constrained\">\n<h2 class=\"wp-block-heading alignwide has-text-align-left is-style-default has-heading-font-family has-large-font-size\" style=\"padding-top:0;padding-right:0;padding-bottom:0;padding-left:0;font-style:normal;font-weight:800;line-height:1.5\"><mark style=\"background-color:#fae70d\" class=\"has-inline-color has-contrast-2-color\"><strong> T\u00e9cnico\/a de Eletrotecnia  <\/strong><\/mark><\/h2>\n\n\n\n<figure class=\"wp-block-image alignleft size-full is-resized is-style-rounded is-style-rounded--1\"><a href=\"https:\/\/www.eseq.pt\/EQAVET\/EQAVET.htm\" target=\"_blank\" rel=\"noreferrer noopener\"><img loading=\"lazy\" decoding=\"async\" width=\"744\" height=\"304\" src=\"https:\/\/eletro.esds.edu.pt\/wp-content\/uploads\/2024\/04\/EQAVET2.jpg\" alt=\"\" class=\"wp-image-306\" style=\"width:200px;height:auto\" srcset=\"https:\/\/eletro.esds.edu.pt\/wp-content\/uploads\/2024\/04\/EQAVET2.jpg 744w, https:\/\/eletro.esds.edu.pt\/wp-content\/uploads\/2024\/04\/EQAVET2-300x123.jpg 300w\" sizes=\"auto, (max-width: 744px) 100vw, 744px\" \/><\/a><\/figure>\n<\/div><\/div>\n\n\n\n<div class=\"wp-block-columns alignwide is-layout-flex wp-container-core-columns-is-layout-28f84493 wp-block-columns-is-layout-flex\">\n<div class=\"wp-block-column is-layout-flow wp-block-column-is-layout-flow\">\n<p><strong>ATIVIDADES PRINCIPAIS<\/strong><\/p>\n\n\n\n<ul class=\"is-style-checkmark-list wp-block-list\">\n<li>Montagem, manuten\u00e7\u00e3o e repara\u00e7\u00e3o de equipamentos el\u00e9tricos e eletr\u00f3nicos e de instala\u00e7\u00f5es el\u00e9tricas<\/li>\n\n\n\n<li>Instala\u00e7\u00e3o de equipamentos e de telecomunica\u00e7\u00f5es<\/li>\n\n\n\n<li>Diagn\u00f3stico de anomalias e avarias<\/li>\n\n\n\n<li>Elabora\u00e7\u00e3o de or\u00e7amentos<\/li>\n\n\n\n<li>Assist\u00eancia t\u00e9cnica a clientes<\/li>\n<\/ul>\n<\/div>\n\n\n\n<div class=\"wp-block-column is-vertically-aligned-center is-layout-flow wp-block-column-is-layout-flow\">\n<div class=\"wp-block-group has-global-padding is-layout-constrained wp-block-group-is-layout-constrained\">\n<div class=\"wp-block-columns is-layout-flex wp-container-core-columns-is-layout-28f84493 wp-block-columns-is-layout-flex\">\n<div class=\"wp-block-column is-layout-flow wp-block-column-is-layout-flow\">\n<div class=\"wp-block-columns is-layout-flex wp-container-core-columns-is-layout-28f84493 wp-block-columns-is-layout-flex\">\n<div class=\"wp-block-column is-layout-flow wp-block-column-is-layout-flow\">\n<figure class=\"wp-block-image aligncenter size-large is-resized\"><img loading=\"lazy\" decoding=\"async\" width=\"1024\" height=\"510\" src=\"https:\/\/eletro.esds.edu.pt\/wp-content\/uploads\/2024\/04\/5_estrelas_-1024x510.png\" alt=\"\" class=\"wp-image-276\" style=\"width:259px;height:auto\" srcset=\"https:\/\/eletro.esds.edu.pt\/wp-content\/uploads\/2024\/04\/5_estrelas_-1024x510.png 1024w, https:\/\/eletro.esds.edu.pt\/wp-content\/uploads\/2024\/04\/5_estrelas_-300x149.png 300w, https:\/\/eletro.esds.edu.pt\/wp-content\/uploads\/2024\/04\/5_estrelas_-768x383.png 768w, https:\/\/eletro.esds.edu.pt\/wp-content\/uploads\/2024\/04\/5_estrelas_-1536x765.png 1536w, https:\/\/eletro.esds.edu.pt\/wp-content\/uploads\/2024\/04\/5_estrelas_.png 2048w\" sizes=\"auto, (max-width: 1024px) 100vw, 1024px\" \/><\/figure>\n<\/div>\n\n\n\n<div class=\"wp-block-column is-layout-flow wp-block-column-is-layout-flow\">\n<figure class=\"wp-block-image aligncenter size-full is-resized\"><img loading=\"lazy\" decoding=\"async\" width=\"800\" height=\"800\" src=\"https:\/\/eletro.esds.edu.pt\/wp-content\/uploads\/2024\/04\/100.png\" alt=\"\" class=\"wp-image-255\" style=\"width:134px;height:auto\" srcset=\"https:\/\/eletro.esds.edu.pt\/wp-content\/uploads\/2024\/04\/100.png 800w, https:\/\/eletro.esds.edu.pt\/wp-content\/uploads\/2024\/04\/100-300x300.png 300w, https:\/\/eletro.esds.edu.pt\/wp-content\/uploads\/2024\/04\/100-150x150.png 150w, https:\/\/eletro.esds.edu.pt\/wp-content\/uploads\/2024\/04\/100-768x768.png 768w\" sizes=\"auto, (max-width: 800px) 100vw, 800px\" \/><\/figure>\n<\/div>\n<\/div>\n<\/div>\n<\/div>\n<\/div>\n<\/div>\n<\/div>\n\n\n\n<div class=\"wp-block-columns alignwide is-layout-flex wp-container-core-columns-is-layout-28f84493 wp-block-columns-is-layout-flex\">\n<div class=\"wp-block-column is-layout-flow wp-block-column-is-layout-flow\">\n<div class=\"wp-block-columns is-layout-flex wp-container-core-columns-is-layout-28f84493 wp-block-columns-is-layout-flex\">\n<div class=\"wp-block-column is-layout-flow wp-block-column-is-layout-flow\">\n<figure class=\"wp-block-image size-full\"><img loading=\"lazy\" decoding=\"async\" width=\"500\" height=\"500\" src=\"https:\/\/eletro.esds.edu.pt\/wp-content\/uploads\/2024\/05\/Sub_ref-1.png\" alt=\"\" class=\"wp-image-700\" srcset=\"https:\/\/eletro.esds.edu.pt\/wp-content\/uploads\/2024\/05\/Sub_ref-1.png 500w, https:\/\/eletro.esds.edu.pt\/wp-content\/uploads\/2024\/05\/Sub_ref-1-300x300.png 300w, https:\/\/eletro.esds.edu.pt\/wp-content\/uploads\/2024\/05\/Sub_ref-1-150x150.png 150w\" sizes=\"auto, (max-width: 500px) 100vw, 500px\" \/><\/figure>\n<\/div>\n\n\n\n<div class=\"wp-block-column is-layout-flow wp-block-column-is-layout-flow\">\n<figure class=\"wp-block-image size-full\"><img loading=\"lazy\" decoding=\"async\" width=\"500\" height=\"500\" src=\"https:\/\/eletro.esds.edu.pt\/wp-content\/uploads\/2024\/04\/man_gratis.png\" alt=\"\" class=\"wp-image-425\" srcset=\"https:\/\/eletro.esds.edu.pt\/wp-content\/uploads\/2024\/04\/man_gratis.png 500w, https:\/\/eletro.esds.edu.pt\/wp-content\/uploads\/2024\/04\/man_gratis-300x300.png 300w, https:\/\/eletro.esds.edu.pt\/wp-content\/uploads\/2024\/04\/man_gratis-150x150.png 150w\" sizes=\"auto, (max-width: 500px) 100vw, 500px\" \/><\/figure>\n<\/div>\n<\/div>\n<\/div>\n\n\n\n<div class=\"wp-block-column is-layout-flow wp-block-column-is-layout-flow\">\n<div class=\"wp-block-columns is-layout-flex wp-container-core-columns-is-layout-28f84493 wp-block-columns-is-layout-flex\">\n<div class=\"wp-block-column is-layout-flow wp-block-column-is-layout-flow\">\n<figure class=\"wp-block-image size-full\"><img loading=\"lazy\" decoding=\"async\" width=\"500\" height=\"500\" src=\"https:\/\/eletro.esds.edu.pt\/wp-content\/uploads\/2024\/04\/Trans_gratis.png\" alt=\"\" class=\"wp-image-424\" srcset=\"https:\/\/eletro.esds.edu.pt\/wp-content\/uploads\/2024\/04\/Trans_gratis.png 500w, https:\/\/eletro.esds.edu.pt\/wp-content\/uploads\/2024\/04\/Trans_gratis-300x300.png 300w, https:\/\/eletro.esds.edu.pt\/wp-content\/uploads\/2024\/04\/Trans_gratis-150x150.png 150w\" sizes=\"auto, (max-width: 500px) 100vw, 500px\" \/><\/figure>\n<\/div>\n\n\n\n<div class=\"wp-block-column is-layout-flow wp-block-column-is-layout-flow\">\n<figure class=\"wp-block-image size-full\"><img loading=\"lazy\" decoding=\"async\" width=\"500\" height=\"500\" src=\"https:\/\/eletro.esds.edu.pt\/wp-content\/uploads\/2024\/04\/fct.png\" alt=\"\" class=\"wp-image-426\" srcset=\"https:\/\/eletro.esds.edu.pt\/wp-content\/uploads\/2024\/04\/fct.png 500w, https:\/\/eletro.esds.edu.pt\/wp-content\/uploads\/2024\/04\/fct-300x300.png 300w, https:\/\/eletro.esds.edu.pt\/wp-content\/uploads\/2024\/04\/fct-150x150.png 150w\" sizes=\"auto, (max-width: 500px) 100vw, 500px\" \/><\/figure>\n<\/div>\n<\/div>\n<\/div>\n<\/div>\n\n\n\n<div class=\"wp-block-buttons is-content-justification-center is-layout-flex wp-container-core-buttons-is-layout-a89b3969 wp-block-buttons-is-layout-flex\">\n<div class=\"wp-block-button is-style-fill\"><a class=\"wp-block-button__link wp-element-button\" href=\"https:\/\/eletro.esds.edu.pt\/?page_id=394\">Quero saber mais<\/a><\/div>\n\n\n\n<div class=\"wp-block-button\"><a class=\"wp-block-button__link wp-element-button\" href=\"https:\/\/forms.gle\/xHjPcwPo3iD8XKMn7\" target=\"_blank\" rel=\"noreferrer noopener\">Estou interessado!<\/a><\/div>\n<\/div>\n\n\n\n<hr class=\"wp-block-separator has-alpha-channel-opacity\"\/>\n\n\n\n<div style=\"height:100px\" aria-hidden=\"true\" class=\"wp-block-spacer\"><\/div>\n\n\n\n<div class=\"wp-block-cover alignwide is-light wp-duotone-unset-3\" style=\"min-height:502px;aspect-ratio:unset;\"><span aria-hidden=\"true\" class=\"wp-block-cover__background has-background-dim-30 has-background-dim\" style=\"background-color:#9fa19f\"><\/span><img loading=\"lazy\" decoding=\"async\" width=\"1024\" height=\"768\" class=\"wp-block-cover__image-background wp-image-38\" alt=\"\" src=\"https:\/\/eletro.esds.edu.pt\/wp-content\/uploads\/2024\/04\/15728423567_0df923e1e2_b-1.jpg\" style=\"object-position:48% 50%\" data-object-fit=\"cover\" data-object-position=\"48% 50%\" srcset=\"https:\/\/eletro.esds.edu.pt\/wp-content\/uploads\/2024\/04\/15728423567_0df923e1e2_b-1.jpg 1024w, https:\/\/eletro.esds.edu.pt\/wp-content\/uploads\/2024\/04\/15728423567_0df923e1e2_b-1-300x225.jpg 300w, https:\/\/eletro.esds.edu.pt\/wp-content\/uploads\/2024\/04\/15728423567_0df923e1e2_b-1-768x576.jpg 768w\" sizes=\"auto, (max-width: 1024px) 100vw, 1024px\" \/><div class=\"wp-block-cover__inner-container has-global-padding is-layout-constrained wp-block-cover-is-layout-constrained\">\n<h2 class=\"wp-block-heading alignwide has-text-align-left is-style-default has-heading-font-family has-large-font-size\" style=\"padding-top:0;padding-right:0;padding-bottom:0;padding-left:0;font-style:normal;font-weight:800;line-height:1.5\"><mark style=\"background-color:#fae70d\" class=\"has-inline-color has-contrast-2-color\"><strong> T\u00e9cnico\/a de Eletr\u00f3nica, Automa\u00e7\u00e3o e Computadores       <\/strong><\/mark><\/h2>\n\n\n\n<figure class=\"wp-block-image alignleft size-full is-resized is-style-rounded is-style-rounded--2\"><a href=\"https:\/\/www.eseq.pt\/EQAVET\/EQAVET.htm\" target=\"_blank\" rel=\"noreferrer noopener\"><img loading=\"lazy\" decoding=\"async\" width=\"744\" height=\"304\" src=\"https:\/\/eletro.esds.edu.pt\/wp-content\/uploads\/2024\/04\/EQAVET2.jpg\" alt=\"\" class=\"wp-image-306\" style=\"width:200px;height:auto\" srcset=\"https:\/\/eletro.esds.edu.pt\/wp-content\/uploads\/2024\/04\/EQAVET2.jpg 744w, https:\/\/eletro.esds.edu.pt\/wp-content\/uploads\/2024\/04\/EQAVET2-300x123.jpg 300w\" sizes=\"auto, (max-width: 744px) 100vw, 744px\" \/><\/a><\/figure>\n<\/div><\/div>\n\n\n\n<div class=\"wp-block-columns alignwide is-layout-flex wp-container-core-columns-is-layout-28f84493 wp-block-columns-is-layout-flex\">\n<div class=\"wp-block-column is-layout-flow wp-block-column-is-layout-flow\">\n<p><strong>ATIVIDADES PRINCIPAIS<\/strong><\/p>\n\n\n\n<ul class=\"is-style-checkmark-list wp-block-list\">\n<li>Instala\u00e7\u00e3o, manuten\u00e7\u00e3o e repara\u00e7\u00e3o de automatismos industriais e de sistemas de telecomunica\u00e7\u00f5es<\/li>\n\n\n\n<li>Reconfigura\u00e7\u00e3o em equipamentos e sistemas de eletr\u00f3nica, automa\u00e7\u00e3o e computadores<\/li>\n\n\n\n<li>Repara\u00e7\u00e3o em componentes de computadores<\/li>\n\n\n\n<li>Instala\u00e7\u00e3o de sistemas operativos e redes inform\u00e1ticas<\/li>\n<\/ul>\n<\/div>\n\n\n\n<div class=\"wp-block-column is-layout-flow wp-block-column-is-layout-flow\">\n<div class=\"wp-block-columns is-layout-flex wp-container-core-columns-is-layout-28f84493 wp-block-columns-is-layout-flex\">\n<div class=\"wp-block-column is-layout-flow wp-block-column-is-layout-flow\">\n<figure class=\"wp-block-image aligncenter size-large\"><img loading=\"lazy\" decoding=\"async\" width=\"1024\" height=\"510\" src=\"https:\/\/eletro.esds.edu.pt\/wp-content\/uploads\/2024\/04\/5_estrelas_-1024x510.png\" alt=\"\" class=\"wp-image-276\" srcset=\"https:\/\/eletro.esds.edu.pt\/wp-content\/uploads\/2024\/04\/5_estrelas_-1024x510.png 1024w, https:\/\/eletro.esds.edu.pt\/wp-content\/uploads\/2024\/04\/5_estrelas_-300x149.png 300w, https:\/\/eletro.esds.edu.pt\/wp-content\/uploads\/2024\/04\/5_estrelas_-768x383.png 768w, https:\/\/eletro.esds.edu.pt\/wp-content\/uploads\/2024\/04\/5_estrelas_-1536x765.png 1536w, https:\/\/eletro.esds.edu.pt\/wp-content\/uploads\/2024\/04\/5_estrelas_.png 2048w\" sizes=\"auto, (max-width: 1024px) 100vw, 1024px\" \/><\/figure>\n<\/div>\n\n\n\n<div class=\"wp-block-column is-layout-flow wp-block-column-is-layout-flow\">\n<figure class=\"wp-block-image aligncenter size-full is-resized\"><img loading=\"lazy\" decoding=\"async\" width=\"800\" height=\"800\" src=\"https:\/\/eletro.esds.edu.pt\/wp-content\/uploads\/2024\/04\/100.png\" alt=\"\" class=\"wp-image-255\" style=\"width:131px;height:auto\" srcset=\"https:\/\/eletro.esds.edu.pt\/wp-content\/uploads\/2024\/04\/100.png 800w, https:\/\/eletro.esds.edu.pt\/wp-content\/uploads\/2024\/04\/100-300x300.png 300w, https:\/\/eletro.esds.edu.pt\/wp-content\/uploads\/2024\/04\/100-150x150.png 150w, https:\/\/eletro.esds.edu.pt\/wp-content\/uploads\/2024\/04\/100-768x768.png 768w\" sizes=\"auto, (max-width: 800px) 100vw, 800px\" \/><\/figure>\n<\/div>\n<\/div>\n<\/div>\n<\/div>\n\n\n\n<div class=\"wp-block-columns alignwide is-layout-flex wp-container-core-columns-is-layout-28f84493 wp-block-columns-is-layout-flex\">\n<div class=\"wp-block-column is-layout-flow wp-block-column-is-layout-flow\">\n<div class=\"wp-block-columns is-layout-flex wp-container-core-columns-is-layout-28f84493 wp-block-columns-is-layout-flex\">\n<div class=\"wp-block-column is-layout-flow wp-block-column-is-layout-flow\">\n<figure class=\"wp-block-image size-full\"><img loading=\"lazy\" decoding=\"async\" width=\"500\" height=\"500\" src=\"https:\/\/eletro.esds.edu.pt\/wp-content\/uploads\/2024\/05\/Sub_ref-1.png\" alt=\"\" class=\"wp-image-700\" srcset=\"https:\/\/eletro.esds.edu.pt\/wp-content\/uploads\/2024\/05\/Sub_ref-1.png 500w, https:\/\/eletro.esds.edu.pt\/wp-content\/uploads\/2024\/05\/Sub_ref-1-300x300.png 300w, https:\/\/eletro.esds.edu.pt\/wp-content\/uploads\/2024\/05\/Sub_ref-1-150x150.png 150w\" sizes=\"auto, (max-width: 500px) 100vw, 500px\" \/><\/figure>\n<\/div>\n\n\n\n<div class=\"wp-block-column is-layout-flow wp-block-column-is-layout-flow\">\n<figure class=\"wp-block-image size-full\"><img loading=\"lazy\" decoding=\"async\" width=\"500\" height=\"500\" src=\"https:\/\/eletro.esds.edu.pt\/wp-content\/uploads\/2024\/04\/man_gratis.png\" alt=\"\" class=\"wp-image-425\" srcset=\"https:\/\/eletro.esds.edu.pt\/wp-content\/uploads\/2024\/04\/man_gratis.png 500w, https:\/\/eletro.esds.edu.pt\/wp-content\/uploads\/2024\/04\/man_gratis-300x300.png 300w, https:\/\/eletro.esds.edu.pt\/wp-content\/uploads\/2024\/04\/man_gratis-150x150.png 150w\" sizes=\"auto, (max-width: 500px) 100vw, 500px\" \/><\/figure>\n<\/div>\n<\/div>\n<\/div>\n\n\n\n<div class=\"wp-block-column is-layout-flow wp-block-column-is-layout-flow\">\n<div class=\"wp-block-columns is-layout-flex wp-container-core-columns-is-layout-28f84493 wp-block-columns-is-layout-flex\">\n<div class=\"wp-block-column is-layout-flow wp-block-column-is-layout-flow\">\n<figure class=\"wp-block-image size-full\"><img loading=\"lazy\" decoding=\"async\" width=\"500\" height=\"500\" src=\"https:\/\/eletro.esds.edu.pt\/wp-content\/uploads\/2024\/04\/Trans_gratis.png\" alt=\"\" class=\"wp-image-424\" srcset=\"https:\/\/eletro.esds.edu.pt\/wp-content\/uploads\/2024\/04\/Trans_gratis.png 500w, https:\/\/eletro.esds.edu.pt\/wp-content\/uploads\/2024\/04\/Trans_gratis-300x300.png 300w, https:\/\/eletro.esds.edu.pt\/wp-content\/uploads\/2024\/04\/Trans_gratis-150x150.png 150w\" sizes=\"auto, (max-width: 500px) 100vw, 500px\" \/><\/figure>\n<\/div>\n\n\n\n<div class=\"wp-block-column is-layout-flow wp-block-column-is-layout-flow\">\n<figure class=\"wp-block-image size-full\"><img loading=\"lazy\" decoding=\"async\" width=\"500\" height=\"500\" src=\"https:\/\/eletro.esds.edu.pt\/wp-content\/uploads\/2024\/04\/fct.png\" alt=\"\" class=\"wp-image-426\" srcset=\"https:\/\/eletro.esds.edu.pt\/wp-content\/uploads\/2024\/04\/fct.png 500w, https:\/\/eletro.esds.edu.pt\/wp-content\/uploads\/2024\/04\/fct-300x300.png 300w, https:\/\/eletro.esds.edu.pt\/wp-content\/uploads\/2024\/04\/fct-150x150.png 150w\" sizes=\"auto, (max-width: 500px) 100vw, 500px\" \/><\/figure>\n<\/div>\n<\/div>\n<\/div>\n<\/div>\n\n\n\n<div class=\"wp-block-buttons is-content-justification-center is-layout-flex wp-container-core-buttons-is-layout-a89b3969 wp-block-buttons-is-layout-flex\">\n<div class=\"wp-block-button is-style-fill\"><a class=\"wp-block-button__link wp-element-button\" href=\"https:\/\/eletro.esds.edu.pt\/?page_id=401\">Quero saber mais<\/a><\/div>\n\n\n\n<div class=\"wp-block-button\"><a class=\"wp-block-button__link wp-element-button\" href=\"https:\/\/forms.gle\/xHjPcwPo3iD8XKMn7\" target=\"_blank\" rel=\"noreferrer noopener\">Estou interessado!<\/a><\/div>\n<\/div>\n\n\n\n<hr class=\"wp-block-separator has-alpha-channel-opacity\"\/>\n","protected":false},"excerpt":{"rendered":"<p>ATIVIDADES PRINCIPAIS ATIVIDADES PRINCIPAIS<\/p>\n","protected":false},"author":1,"featured_media":0,"parent":0,"menu_order":0,"comment_status":"closed","ping_status":"closed","template":"","meta":{"footnotes":""},"class_list":["post-27","page","type-page","status-publish","hentry"],"_links":{"self":[{"href":"https:\/\/eletro.esds.edu.pt\/index.php?rest_route=\/wp\/v2\/pages\/27","targetHints":{"allow":["GET"]}}],"collection":[{"href":"https:\/\/eletro.esds.edu.pt\/index.php?rest_route=\/wp\/v2\/pages"}],"about":[{"href":"https:\/\/eletro.esds.edu.pt\/index.php?rest_route=\/wp\/v2\/types\/page"}],"author":[{"embeddable":true,"href":"https:\/\/eletro.esds.edu.pt\/index.php?rest_route=\/wp\/v2\/users\/1"}],"replies":[{"embeddable":true,"href":"https:\/\/eletro.esds.edu.pt\/index.php?rest_route=%2Fwp%2Fv2%2Fcomments&post=27"}],"version-history":[{"count":70,"href":"https:\/\/eletro.esds.edu.pt\/index.php?rest_route=\/wp\/v2\/pages\/27\/revisions"}],"predecessor-version":[{"id":701,"href":"https:\/\/eletro.esds.edu.pt\/index.php?rest_route=\/wp\/v2\/pages\/27\/revisions\/701"}],"wp:attachment":[{"href":"https:\/\/eletro.esds.edu.pt\/index.php?rest_route=%2Fwp%2Fv2%2Fmedia&parent=27"}],"curies":[{"name":"wp","href":"https:\/\/api.w.org\/{rel}","templated":true}]}}